{"id":15,"date":"2021-04-20T06:57:00","date_gmt":"2021-04-20T06:57:00","guid":{"rendered":"https:\/\/metsamasa.fi\/?page_id=15"},"modified":"2022-06-16T10:52:44","modified_gmt":"2022-06-16T10:52:44","slug":"luo-sivustosi-lohkoilla","status":"publish","type":"page","link":"https:\/\/metsamasa.fi\/","title":{"rendered":"Etusivu"},"content":{"rendered":"\n<h2 class=\"alignwide has-text-align-center has-text-align-wide has-huge-font-size wp-block-heading\" style=\"line-height:1.1\">Mets\u00e4masa Tmi<\/h2>\n\n\n\n<div class=\"wp-block-columns alignwide are-vertically-aligned-center is-style-twentytwentyone-columns-overlap is-layout-flex wp-container-core-columns-is-layout-9d6595d7 wp-block-columns-is-layout-flex\">\n<div class=\"wp-block-column is-vertically-aligned-center is-layout-flow wp-block-column-is-layout-flow\">\n<blockquote class=\"wp-block-quote has-text-align-center is-layout-flow wp-block-quote-is-layout-flow\"><p><strong>Pihapuun kaato, kantojyrsint\u00e4, pensasaitojen leikkaukset, taimikonhoito<\/strong><\/p><cite><strong>Varjostaako ja sotkeeko puut pihasi? T\u00f6kkiik\u00f6 ruohonleikkuri kantoihin? Valittaako naapuri rumasta pensasaidasta? Onko taimikotkin niin tiheit\u00e4 ettei l\u00e4pi p\u00e4\u00e4se? Ei h\u00e4t\u00e4\u00e4! Otappas yhteytt\u00e4, niin laitetaan homma r\u00e4ps\u00e4ht\u00e4\u00e4n! <\/strong><\/cite><\/blockquote>\n\n\n\n<p class=\"has-text-align-center\">                        <strong>OULAINEN-YLIVIESKA-HAAPAVESI-RAAHE-PYH\u00c4JOKI-MERIJ\u00c4RVI-KALAJOKI<\/strong><\/p>\n<\/div>\n<\/div>\n\n\n\n<div class=\"wp-block-columns is-layout-flex wp-container-core-columns-is-layout-9d6595d7 wp-block-columns-is-layout-flex\">\n<div class=\"wp-block-column is-layout-flow wp-block-column-is-layout-flow\" style=\"flex-basis:100%\">\n<blockquote class=\"wp-block-quote has-text-align-center is-layout-flow wp-block-quote-is-layout-flow\"><p>         <strong>P\u00e4\u00e4s\u00e4\u00e4nt\u00f6isesti teen kohteisiin arviok\u00e4ynnin, mik\u00e4 on aina ilmainen. Toimintani on vastuuvakuutettua. <\/strong><\/p><\/blockquote>\n<\/div>\n<\/div>\n\n\n\n<p><\/p>\n\n\n\n<div class=\"wp-block-columns alignwide are-vertically-aligned-center is-layout-flex wp-container-core-columns-is-layout-9d6595d7 wp-block-columns-is-layout-flex\">\n<div class=\"wp-block-column is-vertically-aligned-top is-layout-flow wp-block-column-is-layout-flow\">\n<h3 class=\"has-text-align-center wp-block-heading\"><a href=\"https:\/\/metsamasa.fi\/index.php\/palvelut\/\" data-type=\"page\" data-id=\"45\">Palvelut<\/a><\/h3>\n<\/div>\n\n\n\n<div class=\"wp-block-column is-vertically-aligned-top is-layout-flow wp-block-column-is-layout-flow\">\n<h3 class=\"has-text-align-center wp-block-heading\"><a href=\"https:\/\/metsamasa.fi\/index.php\/tarjoukset\/\" data-type=\"page\" data-id=\"34\">Tarjoukset<\/a><\/h3>\n\n\n\n<p><\/p>\n<\/div>\n<\/div>\n\n\n\n<p><\/p>\n","protected":false},"excerpt":{"rendered":"<p>Mets\u00e4masa Tmi Pihapuun kaato, kantojyrsint\u00e4, pensasaitojen leikkaukset, taimikonhoito Varjostaako ja sotkeeko puut pihasi? T\u00f6kkiik\u00f6 ruohonleikkuri kantoihin? Valittaako naapuri rumasta pensasaidasta? Onko taimikotkin niin tiheit\u00e4 ettei&hellip;<\/p>\n","protected":false},"author":1,"featured_media":0,"parent":0,"menu_order":0,"comment_status":"closed","ping_status":"closed","template":"","meta":{"_monsterinsights_skip_tracking":false,"_monsterinsights_sitenote_active":false,"_monsterinsights_sitenote_note":"","_monsterinsights_sitenote_category":0,"footnotes":""},"class_list":["post-15","page","type-page","status-publish","hentry"],"aioseo_notices":[],"_links":{"self":[{"href":"https:\/\/metsamasa.fi\/index.php\/wp-json\/wp\/v2\/pages\/15","targetHints":{"allow":["GET"]}}],"collection":[{"href":"https:\/\/metsamasa.fi\/index.php\/wp-json\/wp\/v2\/pages"}],"about":[{"href":"https:\/\/metsamasa.fi\/index.php\/wp-json\/wp\/v2\/types\/page"}],"author":[{"embeddable":true,"href":"https:\/\/metsamasa.fi\/index.php\/wp-json\/wp\/v2\/users\/1"}],"replies":[{"embeddable":true,"href":"https:\/\/metsamasa.fi\/index.php\/wp-json\/wp\/v2\/comments?post=15"}],"version-history":[{"count":32,"href":"https:\/\/metsamasa.fi\/index.php\/wp-json\/wp\/v2\/pages\/15\/revisions"}],"predecessor-version":[{"id":236,"href":"https:\/\/metsamasa.fi\/index.php\/wp-json\/wp\/v2\/pages\/15\/revisions\/236"}],"wp:attachment":[{"href":"https:\/\/metsamasa.fi\/index.php\/wp-json\/wp\/v2\/media?parent=15"}],"curies":[{"name":"wp","href":"https:\/\/api.w.org\/{rel}","templated":true}]}}